{"id":4079,"date":"2023-11-16T19:01:37","date_gmt":"2023-11-16T18:01:37","guid":{"rendered":"https:\/\/www.sgbczechtrafo.cz\/produkt\/elektricka-skrin-ip31-250-400-kva-montovana-na-podlahu\/"},"modified":"2026-02-06T04:45:19","modified_gmt":"2026-02-06T03:45:19","slug":"elektricka-skrin-ip33-250-400-kva-montovana-na-podvozek","status":"publish","type":"product","link":"https:\/\/www.sgbczechtrafo.cz\/en\/product\/elektricka-skrin-ip33-250-400-kva-montovana-na-podvozek\/","title":{"rendered":"Electrical enclosure IP33, 250 \u2013 400 kVA, chassis mounted"},"content":{"rendered":"<p>Sk\u0159\u00ed\u0148 pro such\u00fd transform\u00e1tor o v\u00fdkonu 250 \u2013 400 kVA pro vnit\u0159n\u00ed pou\u017eit\u00ed s kryt\u00edm IP33 s mont\u00e1\u017e\u00ed na prodlou\u017een\u00fd podvozek transform\u00e1toru. Sk\u0159\u00ed\u0148 je vyrobena z ocelov\u00e9ho plechu o s\u00edle 1,5 mm a nast\u0159\u00edkan\u00e1 antikorozivn\u00ed barvou tak, \u017ee spl\u0148uje antikorozivn\u00ed stupe\u0148 C2. Stupe\u0148 mechanick\u00e9 odolnosti je na \u00farovni IK7. Nab\u00edz\u00edme mo\u017enosti \u00fapravy designu sk\u0159\u00edn\u011b dle po\u017eadavk\u016f z\u00e1kazn\u00edka. Standardn\u00ed proveden\u00ed v\u00fdvod\u016f je vrchem, ale m\u016f\u017ee b\u00fdt upraveno jak na stran\u011b VN tak i na stran\u011b NN.<\/p>","protected":false},"excerpt":{"rendered":"<p>Dry transformers have an IP00 degree of protection and are intended for indoor installation. The surface area of \u200b\u200bthe transformer is not protected against contact during operation. Due to this, protection against accidental contact is necessary, which can be achieved by placing the transformers in an enclosure with adequate protection. We offer enclosures with protection from IP21 to IP33. Higher levels of protection are possible by agreement upon request. The enclosures come in two basic versions, mounted on the floor or on the chassis of the transformer. They can also be modified according to the customer's requirements, such as: location of HV and LV outlets (bottom or top), door type (panels or double doors).<\/p>","protected":false},"featured_media":3445,"comment_status":"open","ping_status":"closed","template":"","meta":[],"product_brand":[],"product_cat":[93],"product_tag":[],"class_list":{"0":"post-4079","1":"product","2":"type-product","3":"status-publish","4":"has-post-thumbnail","6":"product_cat-elektricke-skrine","8":"first","9":"instock","10":"shipping-taxable","11":"product-type-simple"},"_links":{"self":[{"href":"https:\/\/www.sgbczechtrafo.cz\/en\/wp-json\/wp\/v2\/product\/4079","targetHints":{"allow":["GET"]}}],"collection":[{"href":"https:\/\/www.sgbczechtrafo.cz\/en\/wp-json\/wp\/v2\/product"}],"about":[{"href":"https:\/\/www.sgbczechtrafo.cz\/en\/wp-json\/wp\/v2\/types\/product"}],"replies":[{"embeddable":true,"href":"https:\/\/www.sgbczechtrafo.cz\/en\/wp-json\/wp\/v2\/comments?post=4079"}],"wp:featuredmedia":[{"embeddable":true,"href":"https:\/\/www.sgbczechtrafo.cz\/en\/wp-json\/wp\/v2\/media\/3445"}],"wp:attachment":[{"href":"https:\/\/www.sgbczechtrafo.cz\/en\/wp-json\/wp\/v2\/media?parent=4079"}],"wp:term":[{"taxonomy":"product_brand","embeddable":true,"href":"https:\/\/www.sgbczechtrafo.cz\/en\/wp-json\/wp\/v2\/product_brand?post=4079"},{"taxonomy":"product_cat","embeddable":true,"href":"https:\/\/www.sgbczechtrafo.cz\/en\/wp-json\/wp\/v2\/product_cat?post=4079"},{"taxonomy":"product_tag","embeddable":true,"href":"https:\/\/www.sgbczechtrafo.cz\/en\/wp-json\/wp\/v2\/product_tag?post=4079"}],"curies":[{"name":"wp","href":"https:\/\/api.w.org\/{rel}","templated":true}]}}