{"id":4076,"date":"2023-11-16T19:01:36","date_gmt":"2023-11-16T18:01:36","guid":{"rendered":"https:\/\/www.sgbczechtrafo.cz\/produkt\/elektricka-skrin-ip23-250-400-kva-montovana-na-podvozek\/"},"modified":"2024-01-04T20:04:16","modified_gmt":"2024-01-04T19:04:16","slug":"elektricka-skrin-ip23-250-400-kva-montovana-na-podlahu-2","status":"publish","type":"product","link":"https:\/\/www.sgbczechtrafo.cz\/de\/produkt\/elektricka-skrin-ip23-250-400-kva-montovana-na-podlahu-2\/","title":{"rendered":"Elektrische Geh\u00e4use IP23, 250 - 400 kVA, Bodenmontage"},"content":{"rendered":"<p>Geh\u00e4use f\u00fcr Trockentransformatoren mit einer Leistung von 250 - 400 kVA f\u00fcr den Innenbereich mit Schutklasse IP23 und Bodenmontage. Das Geh\u00e4use besteht aus 1,5 mm dickem Stahlblech und ist mit einer korrosionsbest\u00e4ndigen Farbe beschichtet, die den Korrosionsschutzgrad C2 erf\u00fcllt. Der mechanische Schutzgrad liegt bei IK7. Wir bieten die M\u00f6glichkeit, das Design des Geh\u00e4uses gem\u00e4\u00df den Kundenanforderungen anzupassen. Die Standardausf\u00fchrung der Anschl\u00fcsse erfolgt oben, kann jedoch sowohl an der HV- als auch an der LV-Seite angepasst werden.<\/p>","protected":false},"excerpt":{"rendered":"<p>Trockentransformatoren haben die Schutzart IP00 und sind f\u00fcr die Innenaufstellung vorgesehen. Die Oberfl\u00e4che des Transformators ist im Betrieb nicht gegen Ber\u00fchrung gesch\u00fctzt. Aus diesem Grund ist ein Ber\u00fchrungsschutz erforderlich, der durch die Unterbringung der Transformatoren in einem Geh\u00e4use mit ausreichender Schutzklasse erreicht werden kann. Wir bieten Geh\u00e4use mit Schutklasse IP21 bis IP33 an. H\u00f6here Schutzklassen sind nach Vereinbarung und auf Anfrage m\u00f6glich. Die Geh\u00e4use gibt es in zwei Grundversionen, montiert auf dem Boden oder auf dem Transformatorfahrwerk. Sie k\u00f6nnen auch entsprechend den Kundenanforderungen modifiziert werden, z. B.: Lage der HV- und LV-Ausg\u00e4nge (Kabeldurchf\u00fchrung unten oder oben), T\u00fcrtyp (Paneele oder Doppelt\u00fcren).<\/p>","protected":false},"featured_media":3445,"comment_status":"open","ping_status":"closed","template":"","meta":[],"product_brand":[],"product_cat":[93],"product_tag":[],"class_list":{"0":"post-4076","1":"product","2":"type-product","3":"status-publish","4":"has-post-thumbnail","6":"product_cat-elektricke-skrine","8":"first","9":"instock","10":"shipping-taxable","11":"product-type-simple"},"_links":{"self":[{"href":"https:\/\/www.sgbczechtrafo.cz\/de\/wp-json\/wp\/v2\/product\/4076","targetHints":{"allow":["GET"]}}],"collection":[{"href":"https:\/\/www.sgbczechtrafo.cz\/de\/wp-json\/wp\/v2\/product"}],"about":[{"href":"https:\/\/www.sgbczechtrafo.cz\/de\/wp-json\/wp\/v2\/types\/product"}],"replies":[{"embeddable":true,"href":"https:\/\/www.sgbczechtrafo.cz\/de\/wp-json\/wp\/v2\/comments?post=4076"}],"wp:featuredmedia":[{"embeddable":true,"href":"https:\/\/www.sgbczechtrafo.cz\/de\/wp-json\/wp\/v2\/media\/3445"}],"wp:attachment":[{"href":"https:\/\/www.sgbczechtrafo.cz\/de\/wp-json\/wp\/v2\/media?parent=4076"}],"wp:term":[{"taxonomy":"product_brand","embeddable":true,"href":"https:\/\/www.sgbczechtrafo.cz\/de\/wp-json\/wp\/v2\/product_brand?post=4076"},{"taxonomy":"product_cat","embeddable":true,"href":"https:\/\/www.sgbczechtrafo.cz\/de\/wp-json\/wp\/v2\/product_cat?post=4076"},{"taxonomy":"product_tag","embeddable":true,"href":"https:\/\/www.sgbczechtrafo.cz\/de\/wp-json\/wp\/v2\/product_tag?post=4076"}],"curies":[{"name":"wp","href":"https:\/\/api.w.org\/{rel}","templated":true}]}}