{"id":3767,"date":"2023-10-21T23:00:28","date_gmt":"2023-10-21T21:00:28","guid":{"rendered":"https:\/\/www.sgbczechtrafo.cz\/produkt\/suchy-transformator-gravity-line-dtthz2n-400-11\/"},"modified":"2023-11-11T17:16:53","modified_gmt":"2023-11-11T16:16:53","slug":"suchy-transformator-gravity-line-dtthz2n-400-11","status":"publish","type":"product","link":"https:\/\/www.sgbczechtrafo.cz\/de\/produkt\/suchy-transformator-gravity-line-dtthz2n-400-11\/","title":{"rendered":"Trockentransformator Gravity Line DTTHZ2N 400\/11"},"content":{"rendered":"<p>Die Gravity Line von SGB-SMIT umfasst eine breite Palette von Transformatoren aus Gie\u00dfharz mit verschiedenen Modellen und Leistungskategorien, die f\u00fcr eine Vielzahl von Standardanwendungen geeignet sind.<\/p>\n<p>Ein herausragendes Merkmal der Gravity Line ist das effektive Wicklungssystem, das es uns erm\u00f6glicht, den Kostenvorteil in der Produktion direkt an unsere Kunden weiterzugeben. Gleichzeitig k\u00f6nnen sich unsere Kunden auf die bew\u00e4hrte Qualit\u00e4t von SGB und einen ausgezeichneten Betrieb des Transformators verlassen, da die Hochspannungswicklung komplett vakuumvergossen ist.<\/p>\n<p>Dank unserer eigenen Engineering- und Entwicklungsarbeit k\u00f6nnen wir kurze Durchlaufzeiten von der Entwicklung \u00fcber die effiziente Produktion bis zur Lieferung des fertigen Transformators an den Kunden sicherstellen. Standardisierte Prozesse erm\u00f6glichen es uns, die Gravity Line als besonders kosteng\u00fcnstige und effektive L\u00f6sung anzubieten. Durch die Nutzung fortschrittlicher Technologien und die enge Zusammenarbeit mit unseren Kunden sind wir in der Lage, individuelle Anforderungen an Zubeh\u00f6r oder Abmessungen des Transformators zu erf\u00fcllen und ma\u00dfgeschneiderte L\u00f6sungen anzubieten. Die Gravity Line ist somit eine erstklassige Wahl f\u00fcr Kunden, die nach einer zuverl\u00e4ssigen und effizienten Transformatorl\u00f6sung suchen.<\/p>","protected":false},"excerpt":{"rendered":"<p>Die SGB Gravity Line zeichnet sich durch hohe Zuverl\u00e4ssigkeit auch unter verschlechterten Umweltbedingungen, eine lange Lebensdauer und aufgrund effizienter Produktion auch g\u00fcnstige wirtschaftliche Bedingungen aus.<\/p>","protected":false},"featured_media":3731,"comment_status":"open","ping_status":"closed","template":"","meta":[],"product_brand":[],"product_cat":[40],"product_tag":[],"class_list":{"0":"post-3767","1":"product","2":"type-product","3":"status-publish","4":"has-post-thumbnail","6":"product_cat-suche-transformatory-gravity-line","7":"pa_impedance-hidden-73","8":"pa_jmenovite-vysoke-napeti-11-kv","9":"pa_jmenovity-vykon-hidden-400-kva","11":"first","12":"instock","13":"shipping-taxable","14":"product-type-simple"},"_links":{"self":[{"href":"https:\/\/www.sgbczechtrafo.cz\/de\/wp-json\/wp\/v2\/product\/3767","targetHints":{"allow":["GET"]}}],"collection":[{"href":"https:\/\/www.sgbczechtrafo.cz\/de\/wp-json\/wp\/v2\/product"}],"about":[{"href":"https:\/\/www.sgbczechtrafo.cz\/de\/wp-json\/wp\/v2\/types\/product"}],"replies":[{"embeddable":true,"href":"https:\/\/www.sgbczechtrafo.cz\/de\/wp-json\/wp\/v2\/comments?post=3767"}],"wp:featuredmedia":[{"embeddable":true,"href":"https:\/\/www.sgbczechtrafo.cz\/de\/wp-json\/wp\/v2\/media\/3731"}],"wp:attachment":[{"href":"https:\/\/www.sgbczechtrafo.cz\/de\/wp-json\/wp\/v2\/media?parent=3767"}],"wp:term":[{"taxonomy":"product_brand","embeddable":true,"href":"https:\/\/www.sgbczechtrafo.cz\/de\/wp-json\/wp\/v2\/product_brand?post=3767"},{"taxonomy":"product_cat","embeddable":true,"href":"https:\/\/www.sgbczechtrafo.cz\/de\/wp-json\/wp\/v2\/product_cat?post=3767"},{"taxonomy":"product_tag","embeddable":true,"href":"https:\/\/www.sgbczechtrafo.cz\/de\/wp-json\/wp\/v2\/product_tag?post=3767"}],"curies":[{"name":"wp","href":"https:\/\/api.w.org\/{rel}","templated":true}]}}