{"id":5656,"date":"2025-10-30T19:11:33","date_gmt":"2025-10-30T18:11:33","guid":{"rendered":"https:\/\/www.sgbczechtrafo.cz\/?page_id=5656"},"modified":"2025-10-30T19:11:33","modified_gmt":"2025-10-30T18:11:33","slug":"volne-pozice-technik-vyroby-montaze-transformatoru","status":"publish","type":"page","link":"https:\/\/www.sgbczechtrafo.cz\/de\/volne-pozice-technik-vyroby-montaze-transformatoru\/","title":{"rendered":"Voln\u00e9 pozice \u2013 Technik v\u00fdroby a mont\u00e1\u017ee transform\u00e1tor\u016f"},"content":{"rendered":"<div class=\"fusion-fullwidth fullwidth-box fusion-builder-row-1 fusion-flex-container has-pattern-background has-mask-background nonhundred-percent-fullwidth non-hundred-percent-height-scrolling ofirm-page\" style=\"--awb-border-radius-top-left:0px;--awb-border-radius-top-right:0px;--awb-border-radius-bottom-right:0px;--awb-border-radius-bottom-left:0px;--awb-padding-top:0px;--awb-padding-right:0px;--awb-padding-bottom:0px;--awb-padding-left:0px;--awb-margin-top:0px;--awb-margin-bottom:0px;--awb-flex-wrap:wrap;\" ><div class=\"fusion-builder-row fusion-row fusion-flex-align-items-center fusion-flex-content-wrap\" style=\"max-width:1310.4px;margin-left: calc(-4% \/ 2 );margin-right: calc(-4% \/ 2 );\"><div class=\"fusion-layout-column fusion_builder_column fusion-builder-column-0 fusion_builder_column_1_2 1_2 fusion-flex-column\" style=\"--awb-bg-size:cover;--awb-width-large:50%;--awb-margin-top-large:20px;--awb-spacing-right-large:3.84%;--awb-margin-bottom-large:20px;--awb-spacing-left-large:3.84%;--awb-width-medium:50%;--awb-order-medium:0;--awb-spacing-right-medium:3.84%;--awb-spacing-left-medium:3.84%;--awb-width-small:100%;--awb-order-small:0;--awb-spacing-right-small:1.92%;--awb-spacing-left-small:1.92%;\"><div class=\"fusion-column-wrapper fusion-column-has-shadow fusion-flex-justify-content-flex-start fusion-content-layout-column\"><div class=\"fusion-text fusion-text-1\"><h4 class=\"fusion-responsive-typography-calculated\" style=\"--fontsize: 24; line-height: 1.42; color: rgb(0, 72, 154); --fontSize: 24;\" data-fontsize=\"24\" data-lineheight=\"34.08px\">Hled\u00e1me TECHNIKA V\u00ddROBY A MONT\u00c1\u017dE TRANSFORM\u00c1TOR\u016e<\/h4>\n<p>M\u00e1\u0161 technick\u00e9 vzd\u011bl\u00e1n\u00ed, smysl pro detail a taky smysl pro humor? Chce\u0161 d\u011blat pr\u00e1ci, kter\u00e1 m\u00e1 p\u0159esah nejen v r\u00e1mci firmy, ale nap\u0159\u00ed\u010d Evropou? P\u0159ipoj se k n\u00e1m a pod\u00edlej se na v\u00fdrob\u011b transform\u00e1tor\u016f, kter\u00e9 pom\u00e1haj\u00ed dr\u017eet sv\u011bt v chodu.<\/p>\n<h4 class=\"fusion-responsive-typography-calculated\" style=\"--fontsize: 24; line-height: 1.42; color: rgb(0, 72, 154); --fontSize: 24;\" data-fontsize=\"24\" data-lineheight=\"34.08px\">Co bude tvoje n\u00e1pl\u0148 pr\u00e1ce?<\/h4>\n<ul class=\"listWIthArrows\">\n<li>Mont\u00e1\u017e such\u00fdch transform\u00e1tor\u016f dle v\u00fdkresov\u00e9 dokumentace<\/li>\n<li>Samostatn\u00e9 sestaven\u00ed a kompletace hotov\u00e9ho v\u00fdrobku<\/li>\n<li>Zapojen\u00ed vysokonap\u011b\u0165ov\u00e9 i n\u00edzkonap\u011b\u0165ov\u00e9 \u010d\u00e1sti transform\u00e1toru a senzoriky<\/li>\n<li>Manipulace s komponenty pomoc\u00ed je\u0159\u00e1bu, VZV a elektrick\u00e9ho paletov\u00e9ho voz\u00edku<\/li>\n<li>Spolupr\u00e1ce nap\u0159\u00ed\u010d firmou, zejm\u00e9na s odd\u011blen\u00edm technologie a kvality<\/li>\n<\/ul>\n<h4 class=\"fusion-responsive-typography-calculated\" style=\"--fontsize: 24; line-height: 1.42; color: rgb(0, 72, 154); --fontSize: 24;\" data-fontsize=\"24\" data-lineheight=\"34.08px\">Co od tebe o\u010dek\u00e1v\u00e1me?<\/h4>\n<ul class=\"listWIthArrows\">\n<li>SOU\/S\u0160 vzd\u011bl\u00e1n\u00ed<\/li>\n<li>Manu\u00e1ln\u00ed zru\u010dnost a smysl pro pe\u010dlivost<\/li>\n<li>Odpov\u011bdn\u00fd p\u0159\u00edstup k pr\u00e1ci, spolehlivost a ochota se u\u010dit nov\u00fdm dovednostem<\/li>\n<li>Pr\u016fkaz na VZV \u2013 v\u00fdhodou<\/li>\n<li>Ochota pracovat ve dvousm\u011bnn\u00e9m provozu<\/li>\n<\/ul>\n<h4 class=\"fusion-responsive-typography-calculated\" style=\"--fontsize: 24; line-height: 1.42; color: rgb(0, 72, 154); --fontSize: 24;\" data-fontsize=\"24\" data-lineheight=\"34.08px\">Co nab\u00edz\u00edme?<\/h4>\n<ul class=\"listWIthArrows\">\n<li>F\u00fcnf Wochen Urlaub<\/li>\n<li>13. plat, podm\u00edn\u011bn\u00fd v\u00fdsledky spole\u010dnosti<\/li>\n<li>Bonus za spln\u011bn\u00fd fond pracovn\u00ed doby 2 000 K\u010d<\/li>\n<li>P\u0159\u00edsp\u011bvek na penzijn\u00ed p\u0159ipoji\u0161t\u011bn\u00ed a\u017e 2 500 K\u010d\/m\u011bs\u00edc<\/li>\n<li>Stravenkov\u00fd pau\u0161\u00e1l (123,90 K\u010d\/den)<\/li>\n<li>P\u0159\u00edplatek za odpoledn\u00ed sm\u011bnu <\/li>\n<li>Pracovn\u00ed doba 7,5 hod.<\/li>\n<li>Jazykov\u00e9 kurzy (AJ\/NJ) a firemn\u00ed \u0161kolen\u00ed<\/li>\n<li>4x m\u011bs\u00ed\u010dn\u011b hrazenou sportovn\u00ed nebo relaxa\u010dn\u00ed aktivitu dle va\u0161eho v\u00fdb\u011bru<\/li>\n<li>Firemn\u00ed akce a ve\u010d\u00edrky<\/li>\n<\/ul>\n<h4 class=\"fusion-responsive-typography-calculated\" style=\"--fontsize: 24; line-height: 1.42; color: rgb(0, 72, 154); --fontSize: 24;\" data-fontsize=\"24\" data-lineheight=\"34.08px\">O spole\u010dnosti SGB Czech Trafo<\/h4>\n<p>Spole\u010dnost <strong>SGB Czech Trafo s.r.o<\/strong>. s\u00eddl\u00ed v Olomouci od roku 2018 a specializuje na v\u00fdrobu <strong>such\u00fdch distribu\u010dn\u00edch transform\u00e1tor\u016f<\/strong>. Jsme sou\u010d\u00e1st\u00ed siln\u00e9 skupiny <strong>SGB-SMIT Group<\/strong> s ko\u0159eny v N\u011bmecku \u2013 a pr\u00e1v\u011b te\u010f hled\u00e1me do t\u00fdmu Technologa, kter\u00fd pom\u016f\u017ee zefektivnit v\u00fdrobu, inovovat a r\u016fst s n\u00e1mi.<\/p>\n<\/div><\/div><\/div><div class=\"fusion-layout-column fusion_builder_column fusion-builder-column-1 fusion_builder_column_1_2 1_2 fusion-flex-column fusion-flex-align-self-flex-start\" style=\"--awb-bg-size:cover;--awb-width-large:50%;--awb-margin-top-large:20px;--awb-spacing-right-large:3.84%;--awb-margin-bottom-large:20px;--awb-spacing-left-large:3.84%;--awb-width-medium:50%;--awb-order-medium:0;--awb-spacing-right-medium:3.84%;--awb-spacing-left-medium:3.84%;--awb-width-small:100%;--awb-order-small:0;--awb-spacing-right-small:1.92%;--awb-spacing-left-small:1.92%;\"><div class=\"fusion-column-wrapper fusion-column-has-shadow fusion-flex-justify-content-flex-start fusion-content-layout-column\"><div class=\"fusion-title title fusion-title-1 fusion-sep-none fusion-title-text fusion-title-size-two space-title-topbott\" style=\"--awb-text-color:var(--awb-custom_color_2);--awb-margin-top-small:10px;--awb-margin-right-small:0px;--awb-margin-bottom-small:20px;--awb-margin-left-small:0px;\"><h2 class=\"fusion-title-heading title-heading-left fusion-responsive-typography-calculated\" style=\"margin:0;--fontSize:26;line-height:1.2;\"><h3>Senden Sie uns Ihren Lebenslauf<\/h3><\/h2><\/div><div class=\"fusion-form fusion-form-builder fusion-form-form-wrapper fusion-form-5655 inn-form-wrap\" style=\"--awb-tooltip-text-color:#ffffff;--awb-tooltip-background-color:#333333;--awb-field-margin-top:15px;--awb-field-margin-bottom:15px;\" data-form-id=\"5655\" data-config=\"{&quot;form_id&quot;:&quot;5655&quot;,&quot;form_post_id&quot;:&quot;5655&quot;,&quot;post_id&quot;:5656,&quot;form_type&quot;:&quot;ajax&quot;,&quot;confirmation_type&quot;:&quot;message&quot;,&quot;redirect_url&quot;:&quot;&quot;,&quot;redirect_timeout&quot;:&quot;0&quot;,&quot;field_labels&quot;:{&quot;name&quot;:&quot;Jm\\u00e9no&quot;,&quot;phone&quot;:&quot;Telefon&quot;,&quot;email-address&quot;:&quot;Emailov\\u00e1 adresa&quot;,&quot;soubor_se_zivotopisem&quot;:&quot;Soubor se \\u017eivotopisem&quot;},&quot;field_logics&quot;:{&quot;name&quot;:&quot;&quot;,&quot;phone&quot;:&quot;&quot;,&quot;email-address&quot;:&quot;&quot;,&quot;soubor_se_zivotopisem&quot;:&quot;&quot;,&quot;submit_1&quot;:&quot;&quot;,&quot;notice_1&quot;:&quot;&quot;},&quot;field_types&quot;:{&quot;name&quot;:&quot;text&quot;,&quot;phone&quot;:&quot;phone_number&quot;,&quot;email-address&quot;:&quot;email&quot;,&quot;soubor_se_zivotopisem&quot;:&quot;upload&quot;,&quot;submit_1&quot;:&quot;submit&quot;,&quot;notice_1&quot;:&quot;notice&quot;},&quot;nonce_method&quot;:&quot;ajax&quot;,&quot;form_views&quot;:&quot;ajax&quot;,&quot;form_views_counting&quot;:&quot;all&quot;}\"><form action=\"https:\/\/www.sgbczechtrafo.cz\/de\/volne-pozice-technik-vyroby-montaze-transformatoru\/\" method=\"method\" class=\"fusion-form fusion-form-5655\" enctype=\"multipart\/form-data\" data-trp-original-action=\"https:\/\/www.sgbczechtrafo.cz\/de\/volne-pozice-technik-vyroby-montaze-transformatoru\/\"><div class=\"fusion-fullwidth fullwidth-box fusion-builder-row-1-1 fusion-flex-container nonhundred-percent-fullwidth non-hundred-percent-height-scrolling\" style=\"--awb-border-radius-top-left:0px;--awb-border-radius-top-right:0px;--awb-border-radius-bottom-right:0px;--awb-border-radius-bottom-left:0px;--awb-padding-top:0px;--awb-padding-bottom:0px;--awb-flex-wrap:wrap;\" ><div class=\"fusion-builder-row fusion-row fusion-flex-align-items-flex-start fusion-flex-content-wrap\" style=\"width:104% !important;max-width:104% !important;margin-left: calc(-4% \/ 2 );margin-right: calc(-4% \/ 2 );\"><div class=\"fusion-layout-column fusion_builder_column fusion-builder-column-2 fusion_builder_column_1_2 1_2 fusion-flex-column\" style=\"--awb-bg-size:cover;--awb-width-large:50%;--awb-flex-grow:0;--awb-flex-shrink:0;--awb-margin-top-large:0px;--awb-spacing-right-large:3.84%;--awb-margin-bottom-large:0px;--awb-spacing-left-large:3.84%;--awb-width-medium:50%;--awb-order-medium:0;--awb-flex-grow-medium:0;--awb-flex-shrink-medium:0;--awb-spacing-right-medium:3.84%;--awb-spacing-left-medium:3.84%;--awb-width-small:100%;--awb-order-small:0;--awb-flex-grow-small:0;--awb-flex-shrink-small:0;--awb-spacing-right-small:1.92%;--awb-spacing-left-small:1.92%;\"><div class=\"fusion-column-wrapper fusion-column-has-shadow fusion-flex-justify-content-flex-start fusion-content-layout-column\"><div class=\"fusion-form-field fusion-form-text-field fusion-form-label-above\" style=\"\" data-form-id=\"5655\"><div class=\"fusion-form-label-wrapper\"><label for=\"name\">Name <abbr class=\"fusion-form-element-required\" title=\"required\">*<\/abbr><\/label><\/div><input type=\"text\" autocomplete=\"off\" name=\"name\" id=\"name\" value=\"\"  class=\"fusion-form-input\" required=\"true\" aria-required=\"true\" placeholder=\"Va\u0161e jm\u00e9no *\" data-holds-private-data=\"false\" minlength=\"0\"\/><\/div><\/div><\/div><div class=\"fusion-layout-column fusion_builder_column fusion-builder-column-3 fusion_builder_column_1_2 1_2 fusion-flex-column\" style=\"--awb-bg-size:cover;--awb-width-large:50%;--awb-flex-grow:0;--awb-flex-shrink:0;--awb-margin-top-large:0px;--awb-spacing-right-large:3.84%;--awb-margin-bottom-large:0px;--awb-spacing-left-large:3.84%;--awb-width-medium:50%;--awb-order-medium:0;--awb-flex-grow-medium:0;--awb-flex-shrink-medium:0;--awb-spacing-right-medium:3.84%;--awb-spacing-left-medium:3.84%;--awb-width-small:100%;--awb-order-small:0;--awb-flex-grow-small:0;--awb-flex-shrink-small:0;--awb-spacing-right-small:1.92%;--awb-spacing-left-small:1.92%;\"><div class=\"fusion-column-wrapper fusion-column-has-shadow fusion-flex-justify-content-flex-start fusion-content-layout-column\"><div class=\"fusion-form-field fusion-form-phone-number-field fusion-form-label-above\" style=\"\" data-form-id=\"5655\"><div class=\"fusion-form-label-wrapper\"><label for=\"phone\">Telefon <abbr class=\"fusion-form-element-required\" title=\"required\">*<\/abbr><\/label><\/div><input type=\"tel\" autocomplete=\"off\" name=\"phone\" id=\"phone\" value=\"\"  class=\"fusion-form-input\" required=\"true\" aria-required=\"true\" placeholder=\"+420 601 123 456 *\" data-holds-private-data=\"false\"\/><\/div><\/div><\/div><div class=\"fusion-layout-column fusion_builder_column fusion-builder-column-4 fusion_builder_column_1_1 1_1 fusion-flex-column\" style=\"--awb-bg-size:cover;--awb-width-large:100%;--awb-flex-grow:0;--awb-flex-shrink:0;--awb-margin-top-large:20px;--awb-spacing-right-large:1.92%;--awb-margin-bottom-large:20px;--awb-spacing-left-large:1.92%;--awb-width-medium:100%;--awb-order-medium:0;--awb-flex-grow-medium:0;--awb-flex-shrink-medium:0;--awb-spacing-right-medium:1.92%;--awb-spacing-left-medium:1.92%;--awb-width-small:100%;--awb-order-small:0;--awb-flex-grow-small:0;--awb-flex-shrink-small:0;--awb-spacing-right-small:1.92%;--awb-spacing-left-small:1.92%;\"><div class=\"fusion-column-wrapper fusion-column-has-shadow fusion-flex-justify-content-flex-start fusion-content-layout-column\"><div class=\"fusion-form-field fusion-form-email-field fusion-form-label-above\" style=\"\" data-form-id=\"5655\"><div class=\"fusion-form-label-wrapper\"><label for=\"email-address\">E-Mail-Adresse <abbr class=\"fusion-form-element-required\" title=\"required\">*<\/abbr><\/label><\/div><input type=\"email\" autocomplete=\"off\" name=\"email-address\" id=\"email-address\" value=\"\"  class=\"fusion-form-input\" required=\"true\" aria-required=\"true\" placeholder=\"jmeno@adresa.cz *\" data-holds-private-data=\"false\"\/><\/div><div class=\"fusion-form-field fusion-form-upload-field fusion-form-label-above\" style=\"--awb-preview-thumb-width:115px;\" data-form-id=\"5655\"><label for=\"soubor_se_zivotopisem\">Lebenslauf-Datei <abbr class=\"fusion-form-element-required\" title=\"required\">*<\/abbr><\/label><div class=\"fusion-form-input-with-icon\"><i class=\"fa-upload fas\"><\/i><div class=\"fusion-form-upload-field-container\"><input type=\"file\" data-empty-notice=\"Nezapome\u0148te p\u0159ilo\u017eit souboru\" id=\"soubor_se_zivotopisem\" name=\"soubor_se_zivotopisem\" value=\"\"  class=\"fusion-form-input\" required=\"true\" aria-required=\"true\" placeholder=\"Klicken Sie, um eine Datei hochzuladen *\" data-size=\"2\" data-single-add-remove=\"no\" data-min-upload-files=\"0\" data-max-upload-files=\"0\" data-uploads-preview=\"filenames\"\/><div class=\"fusion-form-upload-field\"  data-holds-private-data=\"false\"><span class=\"awb-upload-placeholder\" data-default=\"Kliknut\u00edm nahrajte soubor\">Kliknut\u00edm nahrajte soubor<\/span><div class=\"awb-uploads-preview\"><div class=\"awb-preview-thumbs\"><\/div><\/div><\/div><div ><a class=\"fusion-button button-flat button-medium button-default fusion-button-default button-1 fusion-button-default-span fusion-button-default-type fusion-form-upload-field-button\" style=\"--button-border-radius-top-left:0px;--button-border-radius-top-right:0px;--button-border-radius-bottom-right:0px;--button-border-radius-bottom-left:0px;\" target=\"_self\" href=\"javascript:void();\"><span class=\"fusion-button-text awb-button__text awb-button__text--default\">Choose File<\/span><\/a><\/div><\/div><\/div><\/div><\/div><\/div><div class=\"fusion-layout-column fusion_builder_column fusion-builder-column-5 fusion_builder_column_1_1 1_1 fusion-flex-column\" style=\"--awb-bg-size:cover;--awb-width-large:100%;--awb-flex-grow:0;--awb-flex-shrink:0;--awb-margin-top-large:0px;--awb-spacing-right-large:1.92%;--awb-margin-bottom-large:0px;--awb-spacing-left-large:1.92%;--awb-width-medium:100%;--awb-order-medium:0;--awb-flex-grow-medium:0;--awb-flex-shrink-medium:0;--awb-spacing-right-medium:1.92%;--awb-spacing-left-medium:1.92%;--awb-width-small:100%;--awb-order-small:0;--awb-flex-grow-small:0;--awb-flex-shrink-small:0;--awb-spacing-right-small:1.92%;--awb-spacing-left-small:1.92%;\"><div class=\"fusion-column-wrapper fusion-column-has-shadow fusion-flex-justify-content-flex-start fusion-content-layout-column\"><div class=\"fusion-form-field fusion-form-submit-field fusion-form-label-above\" style=\"\" data-form-id=\"5655\"><div style=\"text-align:right;\"><button type=\"submit\" class=\"fusion-button button-flat fusion-button-default-size button-default fusion-button-default button-2 fusion-button-span-yes  button-default form-form-submit\" style=\"--button-border-radius-top-left:0px;--button-border-radius-top-right:0px;--button-border-radius-bottom-right:0px;--button-border-radius-bottom-left:0px;\" data-form-number=\"5655\" tabindex=\"\"><span class=\"fusion-button-text awb-button__text awb-button__text--default\">Absenden<\/span><\/button><\/div><\/div><\/div><\/div><div class=\"fusion-layout-column fusion_builder_column fusion-builder-column-6 fusion_builder_column_1_1 1_1 fusion-flex-column\" style=\"--awb-bg-size:cover;--awb-width-large:100%;--awb-flex-grow:0;--awb-flex-shrink:0;--awb-margin-top-large:0px;--awb-spacing-right-large:1.92%;--awb-margin-bottom-large:0px;--awb-spacing-left-large:1.92%;--awb-width-medium:100%;--awb-order-medium:0;--awb-flex-grow-medium:0;--awb-flex-shrink-medium:0;--awb-spacing-right-medium:1.92%;--awb-spacing-left-medium:1.92%;--awb-width-small:100%;--awb-order-small:0;--awb-flex-grow-small:0;--awb-flex-shrink-small:0;--awb-spacing-right-small:1.92%;--awb-spacing-left-small:1.92%;\"><div class=\"fusion-column-wrapper fusion-column-has-shadow fusion-flex-justify-content-flex-start fusion-content-layout-column\"><div class=\"form-submission-notices data-notice_1\" id=\"fusion-notices-1\" data-instance=\"1\"><div class=\"fusion-alert alert success alert-success fusion-alert-center fusion-form-response fusion-form-response-success awb-alert-native-link-color alert-dismissable awb-alert-close-boxed\" style=\"--awb-margin-top:20px;\" role=\"alert\"><div class=\"fusion-alert-content-wrapper\"><span class=\"alert-icon\"><i class=\"awb-icon-check-circle\" aria-hidden=\"true\"><\/i><\/span><span class=\"fusion-alert-content\">D\u011bkujeme. Va\u0161e zpr\u00e1va byla odesl\u00e1na.<\/span><\/div><button type=\"button\" class=\"close toggle-alert\" data-dismiss=\"alert\" aria-label=\"Close\">&times;<\/button><\/div><div class=\"fusion-alert alert error alert-danger fusion-alert-center fusion-form-response fusion-form-response-error awb-alert-native-link-color alert-dismissable awb-alert-close-boxed\" style=\"--awb-margin-top:20px;\" role=\"alert\"><div class=\"fusion-alert-content-wrapper\"><span class=\"alert-icon\"><i class=\"awb-icon-exclamation-triangle\" aria-hidden=\"true\"><\/i><\/span><span class=\"fusion-alert-content\">Nastal probl\u00e9m p\u0159i odesl\u00e1n\u00ed zpr\u00e1vy. Zkuste to pros\u00edm pozd\u011bji.<\/span><\/div><button type=\"button\" class=\"close toggle-alert\" data-dismiss=\"alert\" aria-label=\"Close\">&times;<\/button><\/div><\/div><\/div><\/div><\/div><\/div><input type=\"hidden\" name=\"fusion_privacy_expiration_interval\" value=\"48\"><input type=\"hidden\" name=\"privacy_expiration_action\" value=\"anonymize\"><input type=\"hidden\" name=\"trp-form-language\" value=\"de\"\/><\/form><\/div><\/div><\/div><div class=\"fusion-layout-column fusion_builder_column fusion-builder-column-7 fusion_builder_column_1_1 1_1 fusion-flex-column\" style=\"--awb-bg-size:cover;--awb-width-large:100%;--awb-flex-grow:0;--awb-flex-shrink:0;--awb-margin-top-large:20px;--awb-spacing-right-large:1.92%;--awb-margin-bottom-large:20px;--awb-spacing-left-large:1.92%;--awb-width-medium:100%;--awb-order-medium:0;--awb-flex-grow-medium:0;--awb-flex-shrink-medium:0;--awb-spacing-right-medium:1.92%;--awb-spacing-left-medium:1.92%;--awb-width-small:100%;--awb-order-small:0;--awb-flex-grow-small:0;--awb-flex-shrink-small:0;--awb-spacing-right-small:1.92%;--awb-spacing-left-small:1.92%;\"><div class=\"fusion-column-wrapper fusion-column-has-shadow fusion-flex-justify-content-flex-start fusion-content-layout-column\"><\/div><\/div><\/div><\/div>","protected":false},"excerpt":{"rendered":"","protected":false},"author":1,"featured_media":0,"parent":0,"menu_order":0,"comment_status":"closed","ping_status":"closed","template":"100-width.php","meta":{"footnotes":""},"class_list":["post-5656","page","type-page","status-publish","hentry"],"_links":{"self":[{"href":"https:\/\/www.sgbczechtrafo.cz\/de\/wp-json\/wp\/v2\/pages\/5656","targetHints":{"allow":["GET"]}}],"collection":[{"href":"https:\/\/www.sgbczechtrafo.cz\/de\/wp-json\/wp\/v2\/pages"}],"about":[{"href":"https:\/\/www.sgbczechtrafo.cz\/de\/wp-json\/wp\/v2\/types\/page"}],"author":[{"embeddable":true,"href":"https:\/\/www.sgbczechtrafo.cz\/de\/wp-json\/wp\/v2\/users\/1"}],"replies":[{"embeddable":true,"href":"https:\/\/www.sgbczechtrafo.cz\/de\/wp-json\/wp\/v2\/comments?post=5656"}],"version-history":[{"count":1,"href":"https:\/\/www.sgbczechtrafo.cz\/de\/wp-json\/wp\/v2\/pages\/5656\/revisions"}],"predecessor-version":[{"id":5657,"href":"https:\/\/www.sgbczechtrafo.cz\/de\/wp-json\/wp\/v2\/pages\/5656\/revisions\/5657"}],"wp:attachment":[{"href":"https:\/\/www.sgbczechtrafo.cz\/de\/wp-json\/wp\/v2\/media?parent=5656"}],"curies":[{"name":"wp","href":"https:\/\/api.w.org\/{rel}","templated":true}]}}